{"id":10566,"date":"2019-04-15T06:00:59","date_gmt":"2019-04-15T06:00:59","guid":{"rendered":"https:\/\/www.startsud.cat\/hombre-companero\/"},"modified":"2024-08-08T07:40:20","modified_gmt":"2024-08-08T07:40:20","slug":"hombre-companero","status":"publish","type":"page","link":"https:\/\/www.startsud.cat\/es\/","title":{"rendered":"Inicio"},"content":{"rendered":"\t\t<div data-elementor-type=\"wp-post\" data-elementor-id=\"10566\" class=\"elementor elementor-10566 elementor-3202\" data-elementor-post-type=\"page\">\n\t\t\t\t<div class=\"elementor-element elementor-element-8a51f42 e-con-full e-flex e-con e-parent\" data-id=\"8a51f42\" data-element_type=\"container\" data-settings=\"{&quot;background_background&quot;:&quot;video&quot;,&quot;background_video_link&quot;:&quot;\\\/wp-content\\\/uploads\\\/2024\\\/06\\\/4626625_Paper_Pattern_1920x1080.mp4&quot;}\">\n\t\t<div class=\"elementor-background-video-container elementor-hidden-phone\">\n\t\t\t\t\t\t\t<video class=\"elementor-background-video-hosted elementor-html5-video\" autoplay muted playsinline loop><\/video>\n\t\t\t\t\t<\/div><div class=\"elementor-element elementor-element-dc73631 e-con-full e-flex e-con e-child\" data-id=\"dc73631\" data-element_type=\"container\">\n\t\t\t\t<div class=\"elementor-element elementor-element-8bc0d28 elementor-widget elementor-widget-heading\" data-id=\"8bc0d28\" data-element_type=\"widget\" data-widget_type=\"heading.default\">\n\t\t\t\t<div class=\"elementor-widget-container\">\n\t\t\t<h1 class=\"elementor-heading-title elementor-size-default\"><span style=\"font-size: 30px\">ECOSISTEMA STARTUP DE CATALU\u00d1A SUR  <\/span><\/h1>\t\t<\/div>\n\t\t\t\t<\/div>\n\t\t\t\t<div class=\"elementor-element elementor-element-0d52e13 elementor-widget elementor-widget-heading\" data-id=\"0d52e13\" data-element_type=\"widget\" data-widget_type=\"heading.default\">\n\t\t\t\t<div class=\"elementor-widget-container\">\n\t\t\t<h1 class=\"elementor-heading-title elementor-size-default\">Construimos el futuro contigo<\/h1>\t\t<\/div>\n\t\t\t\t<\/div>\n\t\t<div class=\"elementor-element elementor-element-37cc2f6 e-con-full e-flex e-con e-child\" data-id=\"37cc2f6\" data-element_type=\"container\">\n\t\t\t\t<div class=\"elementor-element elementor-element-7be97e0 elementor-widget elementor-widget-counter\" data-id=\"7be97e0\" data-element_type=\"widget\" data-widget_type=\"counter.default\">\n\t\t\t\t<div class=\"elementor-widget-container\">\n\t\t\t\t\t<div class=\"elementor-counter\">\n\t\t\t<div class=\"elementor-counter-title\">Startups<\/div>\t\t\t<div class=\"elementor-counter-number-wrapper\">\n\t\t\t\t<span class=\"elementor-counter-number-prefix\">+<\/span>\n\t\t\t\t<span class=\"elementor-counter-number\" data-duration=\"2000\" data-to-value=\"150\" data-from-value=\"0\" data-delimiter=\",\">0<\/span>\n\t\t\t\t<span class=\"elementor-counter-number-suffix\"><\/span>\n\t\t\t<\/div>\n\t\t<\/div>\n\t\t\t\t<\/div>\n\t\t\t\t<\/div>\n\t\t\t\t<div class=\"elementor-element elementor-element-6194b84 elementor-widget elementor-widget-counter\" data-id=\"6194b84\" data-element_type=\"widget\" data-widget_type=\"counter.default\">\n\t\t\t\t<div class=\"elementor-widget-container\">\n\t\t\t\t\t<div class=\"elementor-counter\">\n\t\t\t<div class=\"elementor-counter-title\">Empresas aceleradas<\/div>\t\t\t<div class=\"elementor-counter-number-wrapper\">\n\t\t\t\t<span class=\"elementor-counter-number-prefix\">+<\/span>\n\t\t\t\t<span class=\"elementor-counter-number\" data-duration=\"2000\" data-to-value=\"20\" data-from-value=\"0\" data-delimiter=\",\">0<\/span>\n\t\t\t\t<span class=\"elementor-counter-number-suffix\"><\/span>\n\t\t\t<\/div>\n\t\t<\/div>\n\t\t\t\t<\/div>\n\t\t\t\t<\/div>\n\t\t\t\t<\/div>\n\t\t<div class=\"elementor-element elementor-element-2fcacfb e-con-full e-flex e-con e-child\" data-id=\"2fcacfb\" data-element_type=\"container\">\n\t\t\t\t<div class=\"elementor-element elementor-element-aa33f6a elementor-mobile-align-justify elementor-widget elementor-widget-button\" data-id=\"aa33f6a\" data-element_type=\"widget\" data-widget_type=\"button.default\">\n\t\t\t\t<div class=\"elementor-widget-container\">\n\t\t\t\t\t<div class=\"elementor-button-wrapper\">\n\t\t\t<a class=\"elementor-button elementor-button-link elementor-size-sm\" href=\"https:\/\/www.startsud.cat\/startup-studio\/\">\n\t\t\t\t\t\t<span class=\"elementor-button-content-wrapper\">\n\t\t\t\t\t\t<span class=\"elementor-button-icon\">\n\t\t\t\t<svg aria-hidden=\"true\" class=\"e-font-icon-svg e-fas-chevron-right\" viewBox=\"0 0 320 512\" xmlns=\"http:\/\/www.w3.org\/2000\/svg\"><path d=\"M285.476 272.971L91.132 467.314c-9.373 9.373-24.569 9.373-33.941 0l-22.667-22.667c-9.357-9.357-9.375-24.522-.04-33.901L188.505 256 34.484 101.255c-9.335-9.379-9.317-24.544.04-33.901l22.667-22.667c9.373-9.373 24.569-9.373 33.941 0L285.475 239.03c9.373 9.372 9.373 24.568.001 33.941z\"><\/path><\/svg>\t\t\t<\/span>\n\t\t\t\t\t\t\t\t\t<span class=\"elementor-button-text\">Startsud Studio<\/span>\n\t\t\t\t\t<\/span>\n\t\t\t\t\t<\/a>\n\t\t<\/div>\n\t\t\t\t<\/div>\n\t\t\t\t<\/div>\n\t\t\t\t<div class=\"elementor-element elementor-element-b2f6542 elementor-mobile-align-justify elementor-widget elementor-widget-button\" data-id=\"b2f6542\" data-element_type=\"widget\" data-widget_type=\"button.default\">\n\t\t\t\t<div class=\"elementor-widget-container\">\n\t\t\t\t\t<div class=\"elementor-button-wrapper\">\n\t\t\t<a class=\"elementor-button elementor-button-link elementor-size-sm\" href=\"https:\/\/www.startsud.cat\/networking\/\">\n\t\t\t\t\t\t<span class=\"elementor-button-content-wrapper\">\n\t\t\t\t\t\t<span class=\"elementor-button-icon\">\n\t\t\t\t<svg aria-hidden=\"true\" class=\"e-font-icon-svg e-fas-chevron-right\" viewBox=\"0 0 320 512\" xmlns=\"http:\/\/www.w3.org\/2000\/svg\"><path d=\"M285.476 272.971L91.132 467.314c-9.373 9.373-24.569 9.373-33.941 0l-22.667-22.667c-9.357-9.357-9.375-24.522-.04-33.901L188.505 256 34.484 101.255c-9.335-9.379-9.317-24.544.04-33.901l22.667-22.667c9.373-9.373 24.569-9.373 33.941 0L285.475 239.03c9.373 9.372 9.373 24.568.001 33.941z\"><\/path><\/svg>\t\t\t<\/span>\n\t\t\t\t\t\t\t\t\t<span class=\"elementor-button-text\">Startup Community<\/span>\n\t\t\t\t\t<\/span>\n\t\t\t\t\t<\/a>\n\t\t<\/div>\n\t\t\t\t<\/div>\n\t\t\t\t<\/div>\n\t\t\t\t<\/div>\n\t\t\t\t<\/div>\n\t\t\t\t<\/div>\n\t\t<div class=\"elementor-element elementor-element-108a754 e-grid e-con-full e-con e-parent\" data-id=\"108a754\" data-element_type=\"container\" data-settings=\"{&quot;background_background&quot;:&quot;gradient&quot;}\">\n\t\t\t\t<div class=\"elementor-element elementor-element-c2b7e4c elementor-invisible elementor-widget elementor-widget-image\" data-id=\"c2b7e4c\" data-element_type=\"widget\" data-settings=\"{&quot;_animation&quot;:&quot;fadeInLeft&quot;}\" data-widget_type=\"image.default\">\n\t\t\t\t<div class=\"elementor-widget-container\">\n\t\t\t\t\t\t\t\t\t\t\t\t\t<img decoding=\"async\" src=\"https:\/\/www.startsud.cat\/wp-content\/uploads\/2024\/06\/IMG_1256-e1720779735530.webp\" title=\"IMG_1256\" alt=\"IMG_1256\" loading=\"lazy\" \/>\t\t\t\t\t\t\t\t\t\t\t\t\t<\/div>\n\t\t\t\t<\/div>\n\t\t\t\t<div class=\"elementor-element elementor-element-80ba15b elementor-widget__width-initial elementor-invisible elementor-widget elementor-widget-text-editor\" data-id=\"80ba15b\" data-element_type=\"widget\" data-settings=\"{&quot;_animation&quot;:&quot;fadeInRight&quot;}\" data-widget_type=\"text-editor.default\">\n\t\t\t\t<div class=\"elementor-widget-container\">\n\t\t\t\t\t\t\t<h3>Somos una comunidad de <strong>creaci\u00f3n, acompa\u00f1amiento y promoci\u00f3n<\/strong> de Startups digitales comprometida con la <strong>comunidad emprendedora de la Catalunya Sud<\/strong> .<\/h3>\n\t\t\t\t\t\t<\/div>\n\t\t\t\t<\/div>\n\t\t\t\t<div class=\"elementor-element elementor-element-8b48ecb elementor-widget__width-initial elementor-invisible elementor-widget elementor-widget-heading\" data-id=\"8b48ecb\" data-element_type=\"widget\" data-settings=\"{&quot;_animation&quot;:&quot;fadeInLeft&quot;}\" data-widget_type=\"heading.default\">\n\t\t\t\t<div class=\"elementor-widget-container\">\n\t\t\t<h3 class=\"elementor-heading-title elementor-size-default\">Tenemos un objetivo singular: asociarnos con ustedes, los mejores emprendedores del mundo, para construir una empresa de valor en nuestro territorio con influencia duradera e <strong>impacto<\/strong> global.<\/h3>\t\t<\/div>\n\t\t\t\t<\/div>\n\t\t\t\t<div class=\"elementor-element elementor-element-08a4510 elementor-invisible elementor-widget elementor-widget-image\" data-id=\"08a4510\" data-element_type=\"widget\" data-settings=\"{&quot;_animation&quot;:&quot;zoomIn&quot;}\" data-widget_type=\"image.default\">\n\t\t\t\t<div class=\"elementor-widget-container\">\n\t\t\t\t\t\t\t\t\t\t\t\t\t<img fetchpriority=\"high\" decoding=\"async\" width=\"800\" height=\"499\" src=\"https:\/\/www.startsud.cat\/wp-content\/uploads\/2024\/07\/Captura-de-pantalla-2024-07-18-a-las-9.57.31-e1721380190200-1024x639.png\" class=\"attachment-large size-large wp-image-8368\" alt=\"\" srcset=\"https:\/\/www.startsud.cat\/wp-content\/uploads\/2024\/07\/Captura-de-pantalla-2024-07-18-a-las-9.57.31-e1721380190200-1024x639.png 1024w, https:\/\/www.startsud.cat\/wp-content\/uploads\/2024\/07\/Captura-de-pantalla-2024-07-18-a-las-9.57.31-e1721380190200-300x187.png 300w, https:\/\/www.startsud.cat\/wp-content\/uploads\/2024\/07\/Captura-de-pantalla-2024-07-18-a-las-9.57.31-e1721380190200-768x480.png 768w, https:\/\/www.startsud.cat\/wp-content\/uploads\/2024\/07\/Captura-de-pantalla-2024-07-18-a-las-9.57.31-e1721380190200-1536x959.png 1536w, https:\/\/www.startsud.cat\/wp-content\/uploads\/2024\/07\/Captura-de-pantalla-2024-07-18-a-las-9.57.31-e1721380190200-240x150.png 240w, https:\/\/www.startsud.cat\/wp-content\/uploads\/2024\/07\/Captura-de-pantalla-2024-07-18-a-las-9.57.31-e1721380190200.png 1744w\" sizes=\"(max-width: 800px) 100vw, 800px\" \/>\t\t\t\t\t\t\t\t\t\t\t\t\t<\/div>\n\t\t\t\t<\/div>\n\t\t\t\t<\/div>\n\t\t<div class=\"elementor-element elementor-element-3132e87 e-flex e-con-boxed e-con e-parent\" data-id=\"3132e87\" data-element_type=\"container\" data-settings=\"{&quot;background_background&quot;:&quot;video&quot;,&quot;background_video_link&quot;:&quot;\\\/wp-content\\\/uploads\\\/2024\\\/07\\\/5324574_Network_Interconnected_1920x1080.mp4&quot;,&quot;background_play_on_mobile&quot;:&quot;yes&quot;,&quot;background_privacy_mode&quot;:&quot;yes&quot;}\">\n\t\t\t\t\t<div class=\"e-con-inner\">\n\t\t<div class=\"elementor-background-video-container\">\n\t\t\t\t\t\t\t<video class=\"elementor-background-video-hosted elementor-html5-video\" autoplay muted playsinline loop><\/video>\n\t\t\t\t\t<\/div><div class=\"elementor-element elementor-element-262bf7f e-con-full e-flex e-con e-child\" data-id=\"262bf7f\" data-element_type=\"container\">\n\t\t\t\t<div class=\"elementor-element elementor-element-38eeda5 elementor-widget elementor-widget-heading\" data-id=\"38eeda5\" data-element_type=\"widget\" data-widget_type=\"heading.default\">\n\t\t\t\t<div class=\"elementor-widget-container\">\n\t\t\t<h1 class=\"elementor-heading-title elementor-size-default\">\u00a1Queremos hablar contigo!<\/h1>\t\t<\/div>\n\t\t\t\t<\/div>\n\t\t\t\t<div class=\"elementor-element elementor-element-9e1bf70 elementor-widget elementor-widget-heading\" data-id=\"9e1bf70\" data-element_type=\"widget\" data-widget_type=\"heading.default\">\n\t\t\t\t<div class=\"elementor-widget-container\">\n\t\t\t<h3 class=\"elementor-heading-title elementor-size-default\">\u00bfTienes una startup o una idea y la quieres potenciar?<\/h3>\t\t<\/div>\n\t\t\t\t<\/div>\n\t\t\t\t<div class=\"elementor-element elementor-element-74615ba elementor-widget elementor-widget-text-editor\" data-id=\"74615ba\" data-element_type=\"widget\" data-widget_type=\"text-editor.default\">\n\t\t\t\t<div class=\"elementor-widget-container\">\n\t\t\t\t\t\t\t<p>Si ya tienes la <strong>gran idea de negocio<\/strong> , o eres un empresario que lo <strong>est\u00e1 buscando<\/strong> . Si has creado empresas en el pasado o siempre lo <strong>has querido<\/strong> y est\u00e1s preparado\/a para tu <strong>pr\u00f3ximo reto<\/strong> . Si est\u00e1s buscando un <strong>cofundador, metodolog\u00eda, acompa\u00f1amiento, financiaci\u00f3n<\/strong> &#8230;<\/p>\n\t\t\t\t\t\t<\/div>\n\t\t\t\t<\/div>\n\t\t\t\t<div class=\"elementor-element elementor-element-3eeae3a elementor-button-align-start elementor-widget elementor-widget-form\" data-id=\"3eeae3a\" data-element_type=\"widget\" data-settings=\"{&quot;step_next_label&quot;:&quot;Next&quot;,&quot;step_previous_label&quot;:&quot;Previous&quot;,&quot;button_width&quot;:&quot;100&quot;,&quot;step_type&quot;:&quot;number_text&quot;,&quot;step_icon_shape&quot;:&quot;circle&quot;}\" data-widget_type=\"form.default\">\n\t\t\t\t<div class=\"elementor-widget-container\">\n\t\t\t\t\t<form class=\"elementor-form\" method=\"post\" name=\"Cofunda con nosotros\">\n\t\t\t<input type=\"hidden\" name=\"post_id\" value=\"10566\"\/>\n\t\t\t<input type=\"hidden\" name=\"form_id\" value=\"3eeae3a\"\/>\n\t\t\t<input type=\"hidden\" name=\"referer_title\" value=\"StartSud Studio\" \/>\n\n\t\t\t\t\t\t\t<input type=\"hidden\" name=\"queried_id\" value=\"10566\"\/>\n\t\t\t\n\t\t\t<div class=\"elementor-form-fields-wrapper elementor-labels-above\">\n\t\t\t\t\t\t\t\t<div class=\"elementor-field-type-text elementor-field-group elementor-column elementor-field-group-name elementor-col-50 elementor-field-required elementor-mark-required\">\n\t\t\t\t\t\t\t\t\t\t\t\t<label for=\"form-field-name\" class=\"elementor-field-label\">\n\t\t\t\t\t\t\t\tNombre\t\t\t\t\t\t\t<\/label>\n\t\t\t\t\t\t\t\t\t\t\t\t\t\t<input size=\"1\" type=\"text\" name=\"form_fields[name]\" id=\"form-field-name\" class=\"elementor-field elementor-size-xs  elementor-field-textual\" placeholder=\"Nombre\" required=\"required\" aria-required=\"true\">\n\t\t\t\t\t\t\t\t\t\t\t<\/div>\n\t\t\t\t\t\t\t\t<div class=\"elementor-field-type-email elementor-field-group elementor-column elementor-field-group-email elementor-col-50 elementor-field-required elementor-mark-required\">\n\t\t\t\t\t\t\t\t\t\t\t\t<label for=\"form-field-email\" class=\"elementor-field-label\">\n\t\t\t\t\t\t\t\tEmail\t\t\t\t\t\t\t<\/label>\n\t\t\t\t\t\t\t\t\t\t\t\t\t\t<input size=\"1\" type=\"email\" name=\"form_fields[email]\" id=\"form-field-email\" class=\"elementor-field elementor-size-xs  elementor-field-textual\" placeholder=\"Email\" required=\"required\" aria-required=\"true\">\n\t\t\t\t\t\t\t\t\t\t\t<\/div>\n\t\t\t\t\t\t\t\t<div class=\"elementor-field-type-textarea elementor-field-group elementor-column elementor-field-group-message elementor-col-100 elementor-field-required elementor-mark-required\">\n\t\t\t\t\t\t\t\t\t\t\t\t<label for=\"form-field-message\" class=\"elementor-field-label\">\n\t\t\t\t\t\t\t\tMensaje\t\t\t\t\t\t\t<\/label>\n\t\t\t\t\t\t<textarea class=\"elementor-field-textual elementor-field  elementor-size-xs\" name=\"form_fields[message]\" id=\"form-field-message\" rows=\"8\" placeholder=\"Mensaje\" required=\"required\" aria-required=\"true\"><\/textarea>\t\t\t\t<\/div>\n\t\t\t\t\t\t\t\t<div class=\"elementor-field-type-acceptance elementor-field-group elementor-column elementor-field-group-field_36d912b elementor-col-100 elementor-field-required elementor-mark-required\">\n\t\t\t\t\t\t\t<div class=\"elementor-field-subgroup\">\n\t\t\t<span class=\"elementor-field-option\">\n\t\t\t\t<input type=\"checkbox\" name=\"form_fields[field_36d912b]\" id=\"form-field-field_36d912b\" class=\"elementor-field elementor-size-xs  elementor-acceptance-field\" required=\"required\" aria-required=\"true\">\n\t\t\t\t<label for=\"form-field-field_36d912b\">He le\u00eddo y acepto el aviso legal y la pol\u00edtica de privacidad<\/label>\t\t\t<\/span>\n\t\t<\/div>\n\t\t\t\t\t\t<\/div>\n\t\t\t\t\t\t\t\t<div class=\"elementor-field-type-recaptcha_v3 elementor-field-group elementor-column elementor-field-group-field_2cc9092 elementor-col-100 recaptcha_v3-bottomright\">\n\t\t\t\t\t<div class=\"elementor-field\" id=\"form-field-field_2cc9092\"><div class=\"elementor-g-recaptcha\" data-sitekey=\"6LeH3mocAAAAAJ60Pc8uhpKyo_9t2lkGtbn5hihX\" data-type=\"v3\" data-action=\"Form\" data-badge=\"bottomright\" data-size=\"invisible\"><\/div><\/div>\t\t\t\t<\/div>\n\t\t\t\t\t\t\t\t<div class=\"elementor-field-group elementor-column elementor-field-type-submit elementor-col-100 e-form__buttons\">\n\t\t\t\t\t<button class=\"elementor-button elementor-size-lg\" type=\"submit\">\n\t\t\t\t\t\t<span class=\"elementor-button-content-wrapper\">\n\t\t\t\t\t\t\t\t\t\t\t\t\t\t\t\t\t\t\t\t\t\t<span class=\"elementor-button-text\">Contacta ahora!<\/span>\n\t\t\t\t\t\t\t\t\t\t\t\t\t<\/span>\n\t\t\t\t\t<\/button>\n\t\t\t\t<\/div>\n\t\t\t<\/div>\n\t\t<\/form>\n\t\t\t\t<\/div>\n\t\t\t\t<\/div>\n\t\t\t\t<\/div>\n\t\t<div class=\"elementor-element elementor-element-d9624f2 e-con-full e-flex e-con e-child\" data-id=\"d9624f2\" data-element_type=\"container\">\n\t\t\t\t<div class=\"elementor-element elementor-element-5b3cb57 elementor-widget elementor-widget-image\" data-id=\"5b3cb57\" data-element_type=\"widget\" data-settings=\"{&quot;motion_fx_motion_fx_mouse&quot;:&quot;yes&quot;,&quot;motion_fx_mouseTrack_effect&quot;:&quot;yes&quot;,&quot;motion_fx_mouseTrack_speed&quot;:{&quot;unit&quot;:&quot;px&quot;,&quot;size&quot;:0.9,&quot;sizes&quot;:[]}}\" data-widget_type=\"image.default\">\n\t\t\t\t<div class=\"elementor-widget-container\">\n\t\t\t\t\t\t\t\t\t\t\t\t\t<img decoding=\"async\" width=\"768\" height=\"943\" src=\"https:\/\/www.startsud.cat\/wp-content\/uploads\/2024\/07\/microphone-768x943.webp\" class=\"attachment-medium_large size-medium_large wp-image-8204\" alt=\"\" srcset=\"https:\/\/www.startsud.cat\/wp-content\/uploads\/2024\/07\/microphone-768x943.webp 768w, https:\/\/www.startsud.cat\/wp-content\/uploads\/2024\/07\/microphone-244x300.webp 244w, https:\/\/www.startsud.cat\/wp-content\/uploads\/2024\/07\/microphone-147x180.webp 147w, https:\/\/www.startsud.cat\/wp-content\/uploads\/2024\/07\/microphone.webp 800w\" sizes=\"(max-width: 768px) 100vw, 768px\" \/>\t\t\t\t\t\t\t\t\t\t\t\t\t<\/div>\n\t\t\t\t<\/div>\n\t\t\t\t<\/div>\n\t\t\t\t\t<\/div>\n\t\t\t\t<\/div>\n\t\t\t\t<\/div>\n\t\t","protected":false},"excerpt":{"rendered":"<p>ECOSISTEMA STARTUP DE CATALU\u00d1A SUR Construimos el futuro contigo Startups + 0 Empresas aceleradas + 0 Startsud Studio Startup Community Somos una comunidad de creaci\u00f3n, acompa\u00f1amiento y promoci\u00f3n de Startups digitales comprometida con la comunidad emprendedora de la Catalunya Sud . Tenemos un objetivo singular: asociarnos con ustedes, los mejores emprendedores del mundo, para construir&#8230;<\/p>\n","protected":false},"author":1,"featured_media":0,"parent":0,"menu_order":0,"comment_status":"closed","ping_status":"closed","template":"elementor_header_footer","meta":{"_acf_changed":false,"rank_math_lock_modified_date":false,"footnotes":""},"class_list":["post-10566","page","type-page","status-publish","hentry"],"acf":[],"_links":{"self":[{"href":"https:\/\/www.startsud.cat\/es\/wp-json\/wp\/v2\/pages\/10566"}],"collection":[{"href":"https:\/\/www.startsud.cat\/es\/wp-json\/wp\/v2\/pages"}],"about":[{"href":"https:\/\/www.startsud.cat\/es\/wp-json\/wp\/v2\/types\/page"}],"author":[{"embeddable":true,"href":"https:\/\/www.startsud.cat\/es\/wp-json\/wp\/v2\/users\/1"}],"replies":[{"embeddable":true,"href":"https:\/\/www.startsud.cat\/es\/wp-json\/wp\/v2\/comments?post=10566"}],"version-history":[{"count":1,"href":"https:\/\/www.startsud.cat\/es\/wp-json\/wp\/v2\/pages\/10566\/revisions"}],"predecessor-version":[{"id":10567,"href":"https:\/\/www.startsud.cat\/es\/wp-json\/wp\/v2\/pages\/10566\/revisions\/10567"}],"wp:attachment":[{"href":"https:\/\/www.startsud.cat\/es\/wp-json\/wp\/v2\/media?parent=10566"}],"curies":[{"name":"wp","href":"https:\/\/api.w.org\/{rel}","templated":true}]}}